{"id":5065,"date":"2025-06-07T14:49:12","date_gmt":"2025-06-07T14:49:12","guid":{"rendered":"https:\/\/www.coasolapur.in\/?page_id=5065"},"modified":"2025-06-09T15:21:31","modified_gmt":"2025-06-09T15:21:31","slug":"pritzker-prize-winner-architects","status":"publish","type":"page","link":"https:\/\/www.coasolapur.in\/?page_id=5065","title":{"rendered":"Pritzker Prize Winner Architects"},"content":{"rendered":"\t\t<div data-elementor-type=\"wp-page\" data-elementor-id=\"5065\" class=\"elementor elementor-5065\">\n\t\t\t\t\t\t<section class=\"elementor-section elementor-top-section elementor-element elementor-element-fdfff2e elementor-section-boxed elementor-section-height-default elementor-section-height-default wpr-particle-no wpr-jarallax-no wpr-parallax-no wpr-sticky-section-no\" data-id=\"fdfff2e\" data-element_type=\"section\">\n\t\t\t\t\t\t<div class=\"elementor-container elementor-column-gap-default\">\n\t\t\t\t\t<div class=\"elementor-column elementor-col-100 elementor-top-column elementor-element elementor-element-9ff6fb7\" data-id=\"9ff6fb7\" data-element_type=\"column\">\n\t\t\t<div class=\"elementor-widget-wrap elementor-element-populated\">\n\t\t\t\t\t\t<div class=\"elementor-element elementor-element-5d7cee7 elementor-widget elementor-widget-html\" data-id=\"5d7cee7\" data-element_type=\"widget\" data-widget_type=\"html.default\">\n\t\t\t\t<div class=\"elementor-widget-container\">\n\t\t\t<!DOCTYPE html>\r\n<html lang=\"en\">\r\n<head>\r\n  <meta charset=\"UTF-7\">\r\n  <title>Renowned Pritzker Prize\u2013Winning Architects<\/title>\r\n  <style>\r\n    body {\r\n      font-family: 'Segoe UI', sans-serif;\r\n      background: linear-gradient(to right, #3a3d40, #2c5364);\r\n      color: #fff; margin:0; padding:40px 20px;\r\n    }\r\n    h1 {\r\n      text-align:center; margin-bottom:40px;\r\n      font-size:2.5em; color: lor:#ffd700;\r\n    }\r\n    .grid {\r\n      display:grid;\r\n      grid-template-columns: repeat(2,1fr);\r\n      gap:30px; max-width:1200px; margin:auto;\r\n    }\r\n    .card {\r\n      background: linear-gradient(135deg,#25272b,#3e4045);\r\n      border-radius:10px; padding:20px;\r\n      box-shadow:0 8px 16px rgba(0,0,0,0.5);\r\n      transition:transform .3s ease;\r\n    }\r\n    .card:hover {transform: translateY(-5px);}\r\n    .card img {\r\n      width:100%; height:180px;\r\n      object-fit:cover; border-radius:8px;\r\n      border:2px solid #555;\r\n    }\r\n    .name {\r\n      font-size:1.4em; font-weight:bold;\r\n      margin-top:15px; color:#ffd700;\r\n    }\r\n    .work {\r\n      font-style:italic; margin:5px 0; color:#ccc;\r\n    }\r\n    .quote {\r\n      margin-top:10px; font-size:.95em;\r\n      color:#ddd; border-left:4px solid #ffd700;\r\n      padding-left:10px;\r\n    }\r\n    .quote em {\r\n      font-weight:bold; font-style:italic;\r\n    }\r\n  <\/style>\r\n<\/head>\r\n<body>\r\n  <h2>              Renowned Pritzker Prize\u2013Winning Architects<\/h1>\r\n  <div class=\"grid\">\r\n    <!-- 1 Philip Johnson 1979 -->\r\n    <div class=\"card\">\r\n      <img decoding=\"async\" src=\"http:\/\/www.coasolapur.in\/wp-content\/uploads\/2025\/06\/Philip_Johnson.2002.FILARDO.jpg\" alt=\"Philip Johnson\">\r\n      <div class=\"name\">Philip Johnson (1979)<\/div>\r\n      <div class=\"work\">Glass House; Crystal Cathedral<\/div>\r\n      <div class=\"quote\"><em>\"Architecture is essentially the design of space.\"<\/em><\/div>\r\n    <\/div>\r\n    <!-- 2 Luis Barrag\u00e1n 1980 -->\r\n    <div class=\"card\">\r\n      <img decoding=\"async\" src=\"http:\/\/www.coasolapur.in\/wp-content\/uploads\/2025\/06\/images.jpg\" alt=\"Luis Barrag\u00e1n\">\r\n      <div class=\"name\">Luis Barrag\u00e1n (1980)<\/div>\r\n      <div class=\"work\">Torres de Sat\u00e9lite; Barrag\u00e1n House<\/div>\r\n      <div class=\"quote\"><em>\"Light, colour, shadow, and volume in continuous dialogue.\"<\/em><\/div>\r\n    <\/div>\r\n    <!-- 3 James Stirling 1981 -->\r\n    <div class=\"card\">\r\n      <img decoding=\"async\" src=\"http:\/\/www.coasolapur.in\/wp-content\/uploads\/2025\/06\/10000341.jpg\" alt=\"James Stirling\">\r\n      <div class=\"name\">James Stirling (1981)<\/div>\r\n      <div class=\"work\">History Faculty Library; Stuttgart Art Museum<\/div>\r\n      <div class=\"quote\"><em>\"My buildings are about movement.\"<\/em><\/div>\r\n    <\/div>\r\n    <!-- 4 Kevin Roche 1982 -->\r\n    <div class=\"card\">\r\n      <img decoding=\"async\" src=\"http:\/\/www.coasolapur.in\/wp-content\/uploads\/2025\/06\/kevin-roche-obituary_dezeen_hero.jpg\" alt=\"Kevin Roche\">\r\n      <div class=\"name\">Kevin Roche (1982)<\/div>\r\n      <div class=\"work\">Knights of Columbus Bldg; Ford Foundation<\/div>\r\n      <div class=\"quote\"><em>\"Architecture is invention.\"<\/em><\/div>\r\n    <\/div>\r\n    <!-- 5 I.M. Pei 1983 -->\r\n    <div class=\"card\">\r\n      <img decoding=\"async\" src=\"http:\/\/www.coasolapur.in\/wp-content\/uploads\/2025\/06\/Pei-IM-front-pyramid-Louvre-Museum-France-1989.jpg\" alt=\"I. M. Pei\">\r\n      <div class=\"name\">I.\u202fM. Pei (1983)<\/div>\r\n      <div class=\"work\">Louvre Pyramid; East Building, National Gallery<\/div>\r\n      <div class=\"quote\"><em>\"Architecture is the game of forms.\"<\/em><\/div>\r\n    <\/div>\r\n    <!-- 6 Richard Meier 1984 -->\r\n    <div class=\"card\">\r\n      <img decoding=\"async\" src=\"http:\/\/www.coasolapur.in\/wp-content\/uploads\/2025\/06\/Richard-Meier-Portrait.jpg\" alt=\"Richard Meier\">\r\n      <div class=\"name\">Richard Meier (1984)<\/div>\r\n      <div class=\"work\">High Museum; Getty Center<\/div>\r\n      <div class=\"quote\"><em>\"Space is the essence of architecture.\"<\/em><\/div>\r\n    <\/div>\r\n    <!-- 7 Hans Hollein 1985 -->\r\n    <div class=\"card\">\r\n      <img decoding=\"async\" src=\"http:\/\/www.coasolapur.in\/wp-content\/uploads\/2025\/06\/hans-hollein.jpg\" alt=\"Hans Hollein\">\r\n      <div class=\"name\">Hans Hollein (1985)<\/div>\r\n      <div class=\"work\">Museum Abteiberg; Retti Candle Shop<\/div>\r\n      <div class=\"quote\"><em>\"Everything is architecture.\"<\/em><\/div>\r\n    <\/div>\r\n    <!-- 8 Gottfried B\u00f6hm 1986 -->\r\n    <div class=\"card\">\r\n      <img decoding=\"async\" src=\"http:\/\/www.coasolapur.in\/wp-content\/uploads\/2025\/06\/gottfried-bohm.jpg\" alt=\"Gottfried B\u00f6hm\">\r\n      <div class=\"name\">Gottfried B\u00f6hm (1986)<\/div>\r\n      <div class=\"work\">Pilgrimage Church; Bensberg Town Hall<\/div>\r\n      <div class=\"quote\"><em>\"Architecture is frozen music.\"<\/em><\/div>\r\n    <\/div>\r\n    <!-- 9 Kenzo Tange 1987 -->\r\n    <div class=\"card\">\r\n      <img decoding=\"async\" src=\"http:\/\/www.coasolapur.in\/wp-content\/uploads\/2025\/06\/kenzo-tange.jpg\" alt=\"Kenzo Tange\">\r\n      <div class=\"name\">Kenzo Tange (1987)<\/div>\r\n      <div class=\"work\">Olympic Stadium; Hiroshima Peace Park<\/div>\r\n      <div class=\"quote\"><em>\"Modern architecture is informed by tradition.\"<\/em><\/div>\r\n    <\/div>\r\n    <!-- 10 Gordon Bunshaft 1988 -->\r\n    <div class=\"card\">\r\n      <img decoding=\"async\" src=\"http:\/\/www.coasolapur.in\/wp-content\/uploads\/2025\/06\/gordon-bunshaft.jpeg\" alt=\"Gordon Bunshaft\">\r\n      <div class=\"name\">Gordon Bunshaft (1988)<\/div>\r\n      <div class=\"work\">Lever House; Beinecke Library<\/div>\r\n      <div class=\"quote\"><em>\"Simplicity is the ultimate sophistication.\"<\/em><\/div>\r\n    <\/div>\r\n    <!-- 11 Oscar Niemeyer 1988 -->\r\n    <div class=\"card\">\r\n      <img decoding=\"async\" src=\"http:\/\/www.coasolapur.in\/wp-content\/uploads\/2025\/06\/oscar-niemeyer.jpg\" alt=\"Oscar Niemeyer\">\r\n      <div class=\"name\">Oscar Niemeyer (1988)<\/div>\r\n      <div class=\"work\">Bras\u00edlia Cathedral; Niter\u00f3i Contemporary Art Museum<\/div>\r\n      <div class=\"quote\"><em>\"I am not attracted to straight angles or to the harmony of forms.\"<\/em><\/div>\r\n    <\/div>\r\n    <!-- 12 Frank Gehry 1989 -->\r\n    <div class=\"card\">\r\n      <img decoding=\"async\" src=\"http:\/\/www.coasolapur.in\/wp-content\/uploads\/2025\/06\/frank-gehry.jpg\" alt=\"Frank Gehry\">\r\n      <div class=\"name\">Frank Gehry (1989)<\/div>\r\n      <div class=\"work\">Guggenheim Bilbao; Disney Concert Hall<\/div>\r\n      <div class=\"quote\"><em>\"Architecture should be honest.\"<\/em><\/div>\r\n    <\/div>\r\n    <!-- 13 Aldo Rossi 1990 -->\r\n    <div class=\"card\">\r\n      <img decoding=\"async\" src=\"http:\/\/www.coasolapur.in\/wp-content\/uploads\/2025\/06\/338px-Aldo_Rossi_1970.jpg\" alt=\"Aldo Rossi\">\r\n      <div class=\"name\">Aldo Rossi (1990)<\/div>\r\n      <div class=\"work\">Teatro del Mondo; Cemetery of San Cataldo<\/div>\r\n      <div class=\"quote\"><em>\"Architecture is the concrete representation of collective memory.\"<\/em><\/div>\r\n    <\/div>\r\n    <!-- 14 Robert Venturi 1991 -->\r\n    <div class=\"card\">\r\n      <img decoding=\"async\" src=\"http:\/\/www.coasolapur.in\/wp-content\/uploads\/2025\/06\/robert-venturi.jpg\" alt=\"Robert Venturi\">\r\n      <div class=\"name\">Robert Venturi (1991)<\/div>\r\n      <div class=\"work\">Vanna Venturi House; Guild House<\/div>\r\n      <div class=\"quote\"><em>\"Less is a bore.\"<\/em><\/div>\r\n    <\/div>\r\n    <!-- 15 \u00c1lvaro Siza 1992 -->\r\n    <div class=\"card\">\r\n      <img decoding=\"async\" src=\"http:\/\/www.coasolapur.in\/wp-content\/uploads\/2025\/06\/S_ALVARO-SIZA_1.webp\" alt=\"\u00c1lvaro Siza\">\r\n      <div class=\"name\">\u00c1lvaro Siza (1992)<\/div>\r\n      <div class=\"work\">Boa Nova Tea House; Serralves Museum<\/div>\r\n      <div class=\"quote\"><em>\"Architecture is one of the few humanities that is almost purely a process.\"<\/em><\/div>\r\n    <\/div>\r\n    <!-- 16 Fumihiko Maki 1993 -->\r\n    <div class=\"card\">\r\n      <img decoding=\"async\" src=\"http:\/\/www.coasolapur.in\/wp-content\/uploads\/2025\/06\/fumihiko-Maki-1.jpg\" alt=\"Fumihiko Maki\">\r\n      <div class=\"name\">Fumihiko Maki (1993)<\/div>\r\n      <div class=\"work\">State University Plaza; Yerba Buena Building<\/div>\r\n      <div class=\"quote\"><em>\"Architecture is not about objects, it is about relationships.\"<\/em><\/div>\r\n    <\/div>\r\n    <!-- 17 Christian de Portzamparc 1994 -->\r\n    <div class=\"card\">\r\n      <img decoding=\"async\" src=\"http:\/\/www.coasolapur.in\/wp-content\/uploads\/2025\/06\/116-christian-de-portzamparc1.jpg\" alt=\"Christian de Portzamparc\">\r\n      <div class=\"name\">Christian de Portzamparc (1994)<\/div>\r\n      <div class=\"work\">City of Music, Paris; Allianz Riviera Stadium<\/div>\r\n      <div class=\"quote\"><em>\"Each project has its own soul.\"<\/em><\/div>\r\n    <\/div>\r\n    <!-- 18 Tadao Ando 1995 -->\r\n    <div class=\"card\">\r\n      <img decoding=\"async\" src=\"http:\/\/www.coasolapur.in\/wp-content\/uploads\/2025\/06\/tadao-ando-scaled.jpg\" alt=\"Tadao Ando\">\r\n      <div class=\"name\">Tadao Ando (1995)<\/div>\r\n      <div class=\"work\">Church of the Light; Water Temple<\/div>\r\n      <div class=\"quote\"><em>\"I try to develop architecture responding to space and light.\"<\/em><\/div>\r\n    <\/div>\r\n    <!-- 19 Rafael Moneo 1996 -->\r\n    <div class=\"card\">\r\n      <img decoding=\"async\" src=\"http:\/\/www.coasolapur.in\/wp-content\/uploads\/2025\/06\/moneo-644x362-1.jpg\" alt=\"Rafael Moneo\">\r\n      <div class=\"name\">Rafael Moneo (1996)<\/div>\r\n      <div class=\"work\">Cathedral of Our Lady of the Angels; Kursaal Congress Centre<\/div>\r\n      <div class=\"quote\"><em>\"Architecture is an emanation and reflection of the environment.\"<\/em><\/div>\r\n    <\/div>\r\n    <!-- 20 Sverre Fehn 1997 -->\r\n    <div class=\"card\">\r\n      <img decoding=\"async\" src=\"http:\/\/www.coasolapur.in\/wp-content\/uploads\/2025\/06\/Sverre_Fehn_by_Stina_Glommi.jpg\" alt=\"Sverre Fehn\">\r\n      <div class=\"name\">Sverre Fehn (1997)<\/div>\r\n      <div class=\"work\">Nordic Pavilion; Hedmark Museum<\/div>\r\n      <div class=\"quote\"><em>\"Architecture begins where biology ends.\"<\/em><\/div>\r\n    <\/div>\r\n    <!-- 21 Renzo Piano 1998 -->\r\n    <div class=\"card\">\r\n      <img decoding=\"async\" src=\"http:\/\/www.coasolapur.in\/wp-content\/uploads\/2025\/06\/RenzoPiano_2018-stageshot.jpg\" alt=\"Renzo Piano\">\r\n      <div class=\"name\">Renzo Piano (1998)<\/div>\r\n      <div class=\"work\">Centre Pompidou; The Shard<\/div>\r\n      <div class=\"quote\"><em>\"Technology is the answer, but what is the question?\"<\/em><\/div>\r\n    <\/div>\r\n    <!-- 22 Norman Foster 1999 -->\r\n    <div class=\"card\">\r\n      <img decoding=\"async\" src=\"http:\/\/www.coasolapur.in\/wp-content\/uploads\/2025\/06\/norman-foster-90-hero_dezeen_1704_col_0.jpg\" alt=\"Norman Foster\">\r\n      <div class=\"name\">Norman Foster (1999)<\/div>\r\n      <div class=\"work\">Carr\u00e9 d\u2019Art; Hearst Tower<\/div>\r\n      <div class=\"quote\"><em>\"Design for the present with awareness of the past.\"<\/em><\/div>\r\n    <\/div>\r\n    <!-- 23 Rem Koolhaas 2000 -->\r\n    <div class=\"card\">\r\n      <img decoding=\"async\" src=\"http:\/\/www.coasolapur.in\/wp-content\/uploads\/2025\/06\/rem-kolhas.jpeg\" alt=\"Rem Koolhaas\">\r\n      <div class=\"name\">Rem Koolhaas (2000)<\/div>\r\n      <div class=\"work\">Maison \u00e0 Bordeaux; CCTV Headquarters<\/div>\r\n      <div class=\"quote\"><em>\"Architecture is a dangerous mix of power and importance.\"<\/em><\/div>\r\n    <\/div>\r\n    <!-- 24 Herzog & de Meuron 2001 -->\r\n    <div class=\"card\">\r\n      <img decoding=\"async\" src=\"http:\/\/www.coasolapur.in\/wp-content\/uploads\/2025\/06\/herzog-and-de-meuron.jpg\" alt=\"Herzog & de Meuron\">\r\n      <div class=\"name\">Herzog & de Meuron (2001)<\/div>\r\n      <div class=\"work\">Tate Modern; Bird's Nest Stadium<\/div>\r\n      <div class=\"quote\"><em>\"We are interested in the gap between art and architecture.\"<\/em><\/div>\r\n    <\/div>\r\n    <!-- 25 Glenn Murcutt 2002 -->\r\n    <div class=\"card\">\r\n      <img decoding=\"async\" src=\"http:\/\/www.coasolapur.in\/wp-content\/uploads\/2025\/06\/glen-murcutt.jpg\" alt=\"Glenn Murcutt\">\r\n      <div class=\"name\">Glenn Murcutt (2002)<\/div>\r\n      <div class=\"work\">Magney House; Marie Short House<\/div>\r\n      <div class=\"quote\"><em>\"Touch the earth lightly.\"<\/em><\/div>\r\n    <\/div>\r\n    <!-- 26 J\u00f8rn Utzon 2003 -->\r\n    <div class=\"card\">\r\n      <img decoding=\"async\" src=\"http:\/\/www.coasolapur.in\/wp-content\/uploads\/2025\/06\/Jorn-utzon-Portrait-at-the-Sydney-Opera-House.jpg\" alt=\"J\u00f8rn Utzon\">\r\n      <div class=\"name\">J\u00f8rn Utzon (2003)<\/div>\r\n      <div class=\"work\">Sydney Opera House; Bagsv\u00e6rd Church<\/div>\r\n      <div class=\"quote\"><em>\"Architecture is the making of places.\"<\/em><\/div>\r\n    <\/div>\r\n    <!-- 27 Zaha Hadid 2004 -->\r\n    <div class=\"card\">\r\n      <img decoding=\"async\" src=\"http:\/\/www.coasolapur.in\/wp-content\/uploads\/2025\/06\/Top-10-Best-Design-Projects-By-Architect-Zaha-Hadid-0.jpg\" alt=\"Zaha Hadid\">\r\n      <div class=\"name\">Zaha Hadid (2004)<\/div>\r\n      <div class=\"work\">Heydar Aliyev Center; Phaeno Science Center<\/div>\r\n      <div class=\"quote\"><em>\"There are 360 degrees, so why stick to one?\"<\/em><\/div>\r\n    <\/div>\r\n    <!-- 28 Thom Mayne 2005 -->\r\n    <div class=\"card\">\r\n      <img decoding=\"async\" src=\"http:\/\/www.coasolapur.in\/wp-content\/uploads\/2025\/06\/thorm-myne.jpg\" alt=\"Thom Mayne\">\r\n      <div class=\"name\">Thom Mayne (2005)<\/div>\r\n      <div class=\"work\">Morphosis: San Francisco Federal Building; Caltrans District 7<\/div>\r\n      <div class=\"quote\"><em>\"Architecture is about a lot of disciplines coming together.\"<\/em><\/div>\r\n    <\/div>\r\n    <!-- 29 Paulo Mendes da Rocha 2006 -->\r\n    <div class=\"card\">\r\n      <img decoding=\"async\" src=\"http:\/\/www.coasolapur.in\/wp-content\/uploads\/2025\/06\/paulo.jpg\" alt=\"Paulo Mendes da Rocha\">\r\n      <div class=\"name\">Paulo Mendes da Rocha (2006)<\/div>\r\n      <div class=\"work\">Federal University of Minas Gerais; Brazilian Sculpture Museum<\/div>\r\n      <div class=\"quote\"><em>\"Architecture must be social and human.\"<\/em><\/div>\r\n    <\/div>\r\n    <!-- 30 Richard Rogers 2007 -->\r\n    <div class=\"card\">\r\n      <img decoding=\"async\" src=\"http:\/\/www.coasolapur.in\/wp-content\/uploads\/2025\/06\/richard-rogers.jpg\" alt=\"Richard Rogers\">\r\n      <div class=\"name\">Richard Rogers (2007)<\/div>\r\n      <div class=\"work\">Centre Pompidou; Lloyd's Building<\/div>\r\n      <div class=\"quote\"><em>\"We prefer the idea of renewal to the idea of preservation.\"<\/em><\/div>\r\n    <\/div>\r\n    <!-- 31 Jean Nouvel 2008 -->\r\n    <div class=\"card\">\r\n      <img decoding=\"async\" src=\"http:\/\/www.coasolapur.in\/wp-content\/uploads\/2025\/06\/jean-novel.jpg\" alt=\"Jean Nouvel\">\r\n      <div class=\"name\">Jean Nouvel (2008)<\/div>\r\n      <div class=\"work\">Arab World Institute; Torre Agbar<\/div>\r\n      <div class=\"quote\"><em>\"Architecture is the truth of the materials.\"<\/em><\/div>\r\n    <\/div>\r\n    <!-- 32 Peter Zumthor 2009 -->\r\n    <div class=\"card\">\r\n      <img decoding=\"async\" src=\"http:\/\/www.coasolapur.in\/wp-content\/uploads\/2025\/06\/2fd1afcd0a764f81b961f2aa542c1c1c.f5fb7444.jpg\" alt=\"Peter Zumthor\">\r\n      <div class=\"name\">Peter Zumthor (2009)<\/div>\r\n      <div class=\"work\">Therme Vals; Bruder Klaus Field Chapel<\/div>\r\n      <div class=\"quote\"><em>\"I cannot create atmosphere, I can only feel it.\"<\/em><\/div>\r\n    <\/div>\r\n    <!-- 33 SANAA 2010 -->\r\n    <div class=\"card\">\r\n      <img decoding=\"async\" src=\"http:\/\/www.coasolapur.in\/wp-content\/uploads\/2025\/06\/kazuyo_sejima_and_ryue_nishizawa_takashi_okamoto.jpg\" alt=\"SANAA\">\r\n      <div class=\"name\">SANAA (Sejima & Nishizawa) (2010)<\/div>\r\n      <div class=\"work\">21st Century Museum; Rolex Learning Centre<\/div>\r\n      <div class=\"quote\"><em>\"Context, precision, transparency, purity.\"<\/em><\/div>\r\n    <\/div>\r\n    <!-- 34 Eduardo Souto de Moura 2011 -->\r\n    <div class=\"card\">\r\n      <img decoding=\"async\" src=\"http:\/\/www.coasolapur.in\/wp-content\/uploads\/2025\/06\/Eduardo-Souto-de-Moura-22Hoje-a-arquitetura-e-999-dinheiro_1.jpg\" alt=\"Eduardo Souto de Moura\">\r\n      <div class=\"name\">Eduardo Souto de Moura (2011)<\/div>\r\n      <div class=\"work\">Casa das Hist\u00f3rias; Serra da Estrela Museum<\/div>\r\n      <div class=\"quote\"><em>\"My work is not about signature style but about place.\"<\/em><\/div>\r\n    <\/div>\r\n    <!-- 35 Wang Shu 2012 -->\r\n    <div class=\"card\">\r\n      <img decoding=\"async\" src=\"http:\/\/www.coasolapur.in\/wp-content\/uploads\/2025\/06\/wang-shoe.jpg\" alt=\"Wang Shu\">\r\n      <div class=\"name\">Wang Shu (2012)<\/div>\r\n      <div class=\"work\">Ningbo History Museum; China Academy of Art Library<\/div>\r\n      <div class=\"quote\"><em>\"Evoke past without direct references.\"<\/em><\/div>\r\n    <\/div>\r\n    <!-- 36 Toyo Ito 2013 -->\r\n    <div class=\"card\">\r\n      <img decoding=\"async\" src=\"http:\/\/www.coasolapur.in\/wp-content\/uploads\/2025\/06\/toyo-ito.jpg\" alt=\"Toyo Ito\">\r\n      <div class=\"name\">Toyo Ito (2013)<\/div>\r\n      <div class=\"work\">Sendai Mediatheque; National Taichung Theater<\/div>\r\n      <div class=\"quote\"><em>\"Many architects today compete only for form.\"<\/em><\/div>\r\n    <\/div>\r\n    <!-- 37 Shigeru Ban 2014 -->\r\n    <div class=\"card\">\r\n      <img decoding=\"async\" src=\"http:\/\/www.coasolapur.in\/wp-content\/uploads\/2025\/06\/shiegeru-ban.jpg\" alt=\"Shigeru Ban\">\r\n      <div class=\"name\">Shigeru Ban (2014)<\/div>\r\n      <div class=\"work\">Cardboard Cathedral; Center for Theatres<\/div>\r\n      <div class=\"quote\"><em>\"Provide beautiful and psychologically supportive shelters.\"<\/em><\/div>\r\n    <\/div>\r\n    <!-- 38 Frei Otto 2015 -->\r\n    <div class=\"http:\/\/www.coasolapur.in\/wp-content\/uploads\/2025\/06\/frei.jpg\" alt=\"Frei Otto\">\r\n      <div class=\"name\">Frei Otto (2015)<\/div>\r\n      <div class=\"work\">Tensile Membrane Structures; German Pavilion Expo 67<\/div>\r\n      <div class=\"quote\"><em>\"Dreamt of providing paradise for all.\"<\/em><\/div>\r\n    <\/div>\r\n    <!-- 39 Alejandro Aravena 2016 -->\r\n    <div class=\"card\">\r\n      <img decoding=\"async\" src=\"path\/to\/aravena.jpg\" alt=\"Alejandro Aravena\">\r\n      <div class=\"name\">Alejandro Aravena (2016)<\/div>\r\n      <div class=\"work\">Incremental Housing; Casa Costera 103<\/div>\r\n      <div class=\"quote\"><em>\"The role of architect is now being challenged.\"<\/em><\/div>\r\n    <\/div>\r\n    <!-- 40 RCR Arquitectes 2017 -->\r\n    <div class=\"card\">\r\n      <img decoding=\"async\" src=\"path\/to\/rcr.jpg\" alt=\"RCR Arquitectes\">\r\n      <div class=\"name\">Rafael Aranda, Carme Pigem & Ram\u00f3n Vilalta (2017)<\/div>\r\n      <div class=\"work\">Sant Antoni\u2011Jordi House; Bell\u2011Lloc Winery<\/div>\r\n      <div class=\"quote\"><em>\"Our work is of and for the earth.\"<\/em><\/div>\r\n    <\/div>\r\n    <!-- 41 B. V. Doshi 2018 -->\r\n    <div class=\"card\">\r\n      <img decoding=\"async\" src=\"path\/to\/doshi.jpg\" alt=\"B V Doshi\">\r\n      <div class=\"name\">B. V. Doshi (2018)<\/div>\r\n      <div class=\"work\">Aranya Housing; IIM Bangalore<\/div>\r\n      <div class=\"quote\"><em>\"Architecture that is serious, never flashy.\"<\/em><\/div>\r\n    <\/div>\r\n    <!-- 42 Arata Isozaki 2019 -->\r\n    <div class=\"card\">\r\n      <img decoding=\"async\" src=\"path\/to\/isozaki.jpg\" alt=\"Arata Isozaki\">\r\n      <div class=\"name\">Arata Isozaki (2019)<\/div>\r\n      <div class=\"work\">\u014cita Stadium; Palau Sant Jordi<\/div>\r\n      <div class=\"quote\"><em>\"Architecture is the borrowing of ideas.\"<\/em><\/div>\r\n    <\/div>\r\n    <!-- 43 Yvonne Farrell & Shelley McNamara 2020 -->\r\n    <div class=\"card\">\r\n      <img decoding=\"async\" src=\"path\/to\/farrellmcnamara.jpg\" alt=\"Farrell & McNamara\">\r\n      <div class=\"name\">Yvonne Farrell & Shelley McNamara (2020)<\/div>\r\n      <div class=\"work\">The Grafton Building; Universit\u00e0 Luigi Bocconi<\/div>\r\n      <div class=\"quote\"><em>\"Good architecture is open\u2014to life.\"<\/em><\/div>\r\n    <\/div>\r\n    <!-- 44 Anne Lacaton & Jean\u2011Philippe Vassal 2021 -->\r\n    <div class=\"card\">\r\n      <img decoding=\"async\" src=\"path\/to\/lacatonvassal.jpg\" alt=\"Lacaton & Vassal\">\r\n      <div class=\"name\">Anne Lacaton & Jean\u2011Philippe Vassal (2021)<\/div>\r\n      <div class=\"work\">Grand Parc Bordeaux; FRAC Nord\u2011Pas de Calais<\/div>\r\n      <div class=\"quote\"><em>\"Good architecture is open to life...\"<\/em><\/div>\r\n    <\/div>\r\n    <!-- 45 Francis K\u00e9r\u00e9 2022 -->\r\n    <div class=\"card\">\r\n      <img decoding=\"async\" src=\"path\/to\/kere.jpg\" alt=\"Francis K\u00e9r\u00e9\">\r\n      <div class=\"name\">Francis K\u00e9r\u00e9 (2022)<\/div>\r\n      <div class=\"work\">Gando Primary School; Serpentine Pavilion<\/div>\r\n      <div class=\"quote\"><em>\"Everyone deserves quality...luxury...comfort.\"<\/em><\/div>\r\n    <\/div>\r\n    <!-- 46 David Chipperfield 2023 -->\r\n    <div class=\"card\">\r\n      <img decoding=\"async\" src=\"path\/to\/chipperfield.jpg\" alt=\"David Chipperfield\">\r\n      <div class=\"name\">David Chipperfield (2023)<\/div>\r\n      <div class=\"work\">Neues Museum; Museo Jumex<\/div>\r\n      <div class=\"quote\"><em>\"The challenge is to restore dignity to forgotten buildings.\"<\/em><\/div>\r\n    <\/div>\r\n    <!-- 47 Riken Yamamoto 2024 -->\r\n    <div class=\"card\">\r\n      <img decoding=\"async\" src=\"path\/to\/yamamoto.jpg\" alt=\"Riken Yamamoto\">\r\n      <div class=\"name\">Riken Yamamoto (2024)<\/div>\r\n      <div class=\"work\">Pangyo Housing; Saitama Prefectural University<\/div>\r\n      <div class=\"quote\"><em>\"Any work of architecture belongs to the community.\"<\/em><\/div>\r\n    <\/div>\r\n    <!-- 48 Liu Jiakun 2025 -->\r\n    <div class=\"card\">\r\n      <img decoding=\"async\" src=\"path\/to\/liujia.jpg\" alt=\"Liu Jiakun\">\r\n      <div class=\"name\">Liu Jiakun (2025)<\/div>\r\n      <div class=\"work\">West Village; Sichuan Fine Arts Institute<\/div>\r\n      <div class=\"quote\"><em>\"Architecture that celebrates lives of ordinary citizens.\"<\/em><\/div>\r\n    <\/div>\r\n    <!-- placeholders 49 & 50? -->\r\n    <!-- You can add upcoming winners or maintain placeholders -->\r\n  <\/div>\r\n<\/body>\r\n<\/html>\r\n\t\t<\/div>\n\t\t\t\t<\/div>\n\t\t\t\t\t<\/div>\n\t\t<\/div>\n\t\t\t\t\t<\/div>\n\t\t<\/section>\n\t\t\t\t<\/div>\n\t\t","protected":false},"excerpt":{"rendered":"<p>Renowned Pritzker Prize\u2013Winning Architects Renowned Pritzker Prize\u2013Winning Architects Philip Johnson (1979) Glass House; Crystal Cathedral &#8220;Architecture is essentially the design of space.&#8221; Luis Barrag\u00e1n (1980) Torres de Sat\u00e9lite; Barrag\u00e1n House &#8220;Light, colour, shadow, and volume in continuous dialogue.&#8221; James Stirling (1981) History Faculty Library; Stuttgart Art Museum &#8220;My buildings are about movement.&#8221; Kevin Roche (1982) &hellip;<\/p>\n<p class=\"read-more\"> <a class=\"\" href=\"https:\/\/www.coasolapur.in\/?page_id=5065\"> <span class=\"screen-reader-text\">Pritzker Prize Winner Architects<\/span> Read More &raquo;<\/a><\/p>\n","protected":false},"author":1,"featured_media":0,"parent":0,"menu_order":0,"comment_status":"closed","ping_status":"closed","template":"","meta":{"site-sidebar-layout":"no-sidebar","site-content-layout":"page-builder","ast-global-header-display":"","ast-banner-title-visibility":"","ast-main-header-display":"","ast-hfb-above-header-display":"","ast-hfb-below-header-display":"","ast-hfb-mobile-header-display":"","site-post-title":"disabled","ast-breadcrumbs-content":"","ast-featured-img":"disabled","footer-sml-layout":"","theme-transparent-header-meta":"","adv-header-id-meta":"","stick-header-meta":"","header-above-stick-meta":"","header-main-stick-meta":"","header-below-stick-meta":""},"_links":{"self":[{"href":"https:\/\/www.coasolapur.in\/index.php?rest_route=\/wp\/v2\/pages\/5065"}],"collection":[{"href":"https:\/\/www.coasolapur.in\/index.php?rest_route=\/wp\/v2\/pages"}],"about":[{"href":"https:\/\/www.coasolapur.in\/index.php?rest_route=\/wp\/v2\/types\/page"}],"author":[{"embeddable":true,"href":"https:\/\/www.coasolapur.in\/index.php?rest_route=\/wp\/v2\/users\/1"}],"replies":[{"embeddable":true,"href":"https:\/\/www.coasolapur.in\/index.php?rest_route=%2Fwp%2Fv2%2Fcomments&post=5065"}],"version-history":[{"count":121,"href":"https:\/\/www.coasolapur.in\/index.php?rest_route=\/wp\/v2\/pages\/5065\/revisions"}],"predecessor-version":[{"id":5332,"href":"https:\/\/www.coasolapur.in\/index.php?rest_route=\/wp\/v2\/pages\/5065\/revisions\/5332"}],"wp:attachment":[{"href":"https:\/\/www.coasolapur.in\/index.php?rest_route=%2Fwp%2Fv2%2Fmedia&parent=5065"}],"curies":[{"name":"wp","href":"https:\/\/api.w.org\/{rel}","templated":true}]}}